{"id":9,"date":"2008-02-20T18:35:42","date_gmt":"2008-02-20T18:35:42","guid":{"rendered":"http:\/\/www.ventonorte.com\/wordpress\/?page_id=9"},"modified":"2017-04-03T16:46:02","modified_gmt":"2017-04-03T16:46:02","slug":"teste","status":"publish","type":"page","link":"https:\/\/www.ventonorte.com\/?page_id=9","title":{"rendered":"Inscri\u00e7\u00f5es"},"content":{"rendered":"<p><!--cforms2--><\/p>\n<p>Utilize o formul\u00e1rio abaixo para se inscrever na Associa\u00e7\u00e3o Vento Norte:<\/p>\n<hr>\n<p><span style=\"color: #ffffff;\">.<\/span><\/p>\n<div role=\"form\" class=\"wpcf7\" id=\"wpcf7-f964-o1\" lang=\"en-US\" dir=\"ltr\">\n<div class=\"screen-reader-response\"><\/div>\n<form action=\"\/index.php?rest_route=%2Fwp%2Fv2%2Fpages%2F9#wpcf7-f964-o1\" method=\"post\" class=\"wpcf7-form\" enctype=\"multipart\/form-data\" novalidate=\"novalidate\">\n<div style=\"display: none;\">\n<input type=\"hidden\" name=\"_wpcf7\" value=\"964\" \/>\n<input type=\"hidden\" name=\"_wpcf7_version\" value=\"5.1.4\" \/>\n<input type=\"hidden\" name=\"_wpcf7_locale\" value=\"en_US\" \/>\n<input type=\"hidden\" name=\"_wpcf7_unit_tag\" value=\"wpcf7-f964-o1\" \/>\n<input type=\"hidden\" name=\"_wpcf7_container_post\" value=\"0\" \/>\n<\/div>\n<p>Nome <span class=\"wpcf7-form-control-wrap your-name\"><input type=\"text\" name=\"your-name\" value=\"\" size=\"85\" maxlength=\"85\" class=\"wpcf7-form-control wpcf7-text wpcf7-validates-as-required\" aria-required=\"true\" aria-invalid=\"false\" \/><\/span> <\/p>\n<p>E-mail <span class=\"wpcf7-form-control-wrap your-email\"><input type=\"email\" name=\"your-email\" value=\"\" size=\"40\" class=\"wpcf7-form-control wpcf7-text wpcf7-email wpcf7-validates-as-required wpcf7-validates-as-email\" aria-required=\"true\" aria-invalid=\"false\" \/><\/span> <\/p>\n<p>Resid\u00eancia<br \/>\n    <span class=\"wpcf7-form-control-wrap residencia1\"><input type=\"text\" name=\"residencia1\" value=\"\" size=\"91\" maxlength=\"91\" class=\"wpcf7-form-control wpcf7-text\" aria-invalid=\"false\" \/><\/span><br \/>\n    <span class=\"wpcf7-form-control-wrap residencia2\"><input type=\"text\" name=\"residencia2\" value=\"\" size=\"91\" maxlength=\"91\" class=\"wpcf7-form-control wpcf7-text\" aria-invalid=\"false\" \/><\/span>\n <\/p>\n<p>Telefone <span class=\"wpcf7-form-control-wrap telefone\"><input type=\"text\" name=\"telefone\" value=\"\" size=\"14\" maxlength=\"14\" class=\"wpcf7-form-control wpcf7-text\" aria-invalid=\"false\" \/><\/span>  Telem\u00f3vel <span class=\"wpcf7-form-control-wrap telemovel\"><input type=\"text\" name=\"telemovel\" value=\"\" size=\"14\" maxlength=\"14\" class=\"wpcf7-form-control wpcf7-text\" aria-invalid=\"false\" \/><\/span>   <\/p>\n<p>Data de nascimento <span class=\"wpcf7-form-control-wrap datanascimento\"><input type=\"text\" name=\"datanascimento\" value=\"\" size=\"10\" maxlength=\"10\" class=\"wpcf7-form-control wpcf7-text\" aria-invalid=\"false\" \/><\/span>    Naturalidade <span class=\"wpcf7-form-control-wrap naturalidade\"><input type=\"text\" name=\"naturalidade\" value=\"\" size=\"45\" maxlength=\"45\" class=\"wpcf7-form-control wpcf7-text\" aria-invalid=\"false\" \/><\/span>  <\/p>\n<p>B.I. <span class=\"wpcf7-form-control-wrap bi\"><input type=\"text\" name=\"bi\" value=\"\" size=\"10\" maxlength=\"10\" class=\"wpcf7-form-control wpcf7-text\" aria-invalid=\"false\" \/><\/span>    Data emissao <span class=\"wpcf7-form-control-wrap dataemissao\"><input type=\"text\" name=\"dataemissao\" value=\"\" size=\"10\" maxlength=\"10\" class=\"wpcf7-form-control wpcf7-text\" aria-invalid=\"false\" \/><\/span>    Arquivo <span class=\"wpcf7-form-control-wrap arquivo\"><input type=\"text\" name=\"arquivo\" value=\"\" size=\"20\" maxlength=\"20\" class=\"wpcf7-form-control wpcf7-text\" aria-invalid=\"false\" \/><\/span> <\/p>\n<p>Profiss\u00e3o <span class=\"wpcf7-form-control-wrap profissao\"><input type=\"text\" name=\"profissao\" value=\"\" size=\"81\" maxlength=\"81\" class=\"wpcf7-form-control wpcf7-text\" aria-invalid=\"false\" \/><\/span> <\/p>\n<p>Habilita\u00e7\u00f5es Liter\u00e1rias\/T\u00e9cnicas\/Profissionais <span class=\"wpcf7-form-control-wrap habilitacoes\"><input type=\"text\" name=\"habilitacoes\" value=\"\" size=\"48\" maxlength=\"48\" class=\"wpcf7-form-control wpcf7-text\" aria-invalid=\"false\" \/><\/span><\/p>\n<p>Actividades de Interesse<br \/>\n<span class=\"wpcf7-form-control-wrap Interesses\"><span class=\"wpcf7-form-control wpcf7-checkbox\"><span class=\"wpcf7-list-item first\"><label><input type=\"checkbox\" name=\"Interesses[]\" value=\"BTT \/ Cicloturismo\" \/><span class=\"wpcf7-list-item-label\">BTT \/ Cicloturismo<\/span><\/label><\/span><span class=\"wpcf7-list-item\"><label><input type=\"checkbox\" name=\"Interesses[]\" value=\"Conserva\u00e7\u00e3o da Natureza\" \/><span class=\"wpcf7-list-item-label\">Conserva\u00e7\u00e3o da Natureza<\/span><\/label><\/span><span class=\"wpcf7-list-item\"><label><input type=\"checkbox\" name=\"Interesses[]\" value=\"Educa\u00e7\u00e3o Ambiental\" \/><span class=\"wpcf7-list-item-label\">Educa\u00e7\u00e3o Ambiental<\/span><\/label><\/span><span class=\"wpcf7-list-item\"><label><input type=\"checkbox\" name=\"Interesses[]\" value=\"Fotografia\" \/><span class=\"wpcf7-list-item-label\">Fotografia<\/span><\/label><\/span><span class=\"wpcf7-list-item\"><label><input type=\"checkbox\" name=\"Interesses[]\" value=\"Canoagem\" \/><span class=\"wpcf7-list-item-label\">Canoagem<\/span><\/label><\/span><span class=\"wpcf7-list-item\"><label><input type=\"checkbox\" name=\"Interesses[]\" value=\"Mergulho\" \/><span class=\"wpcf7-list-item-label\">Mergulho<\/span><\/label><\/span><span class=\"wpcf7-list-item last\"><label><input type=\"checkbox\" name=\"Interesses[]\" value=\"Montanhismo \/ Pedistrianismo\" \/><span class=\"wpcf7-list-item-label\">Montanhismo \/ Pedistrianismo<\/span><\/label><\/span><\/span><\/span><br \/>\n(outras)<br \/>\n<span class=\"wpcf7-form-control-wrap outras1\"><input type=\"text\" name=\"outras1\" value=\"\" size=\"27\" maxlength=\"27\" class=\"wpcf7-form-control wpcf7-text\" aria-invalid=\"false\" \/><\/span>  <span class=\"wpcf7-form-control-wrap outras2\"><input type=\"text\" name=\"outras2\" value=\"\" size=\"27\" maxlength=\"27\" class=\"wpcf7-form-control wpcf7-text\" aria-invalid=\"false\" \/><\/span> <span class=\"wpcf7-form-control-wrap outras3\"><input type=\"text\" name=\"outras3\" value=\"\" size=\"27\" maxlength=\"27\" class=\"wpcf7-form-control wpcf7-text\" aria-invalid=\"false\" \/><\/span><\/p>\n<p>Notas<br \/>\n    <span class=\"wpcf7-form-control-wrap your-message\"><textarea name=\"your-message\" cols=\"40\" rows=\"10\" class=\"wpcf7-form-control wpcf7-textarea\" aria-invalid=\"false\"><\/textarea><\/span> <\/p>\n<p>Se poss\u00edvel anexe uma foto tipo passe (<1Mb): <span class=\"wpcf7-form-control-wrap fotografia\"><input type=\"file\" name=\"fotografia\" size=\"40\" class=\"wpcf7-form-control wpcf7-file\" accept=\".png,.gif,.jpg,.jpeg,.bmp,.wmf\" aria-invalid=\"false\" \/><\/span><\/p>\n<p><span class=\"wpcf7-form-control-wrap aceitacao\"><span class=\"wpcf7-form-control wpcf7-acceptance\"><span class=\"wpcf7-list-item\"><input type=\"checkbox\" name=\"aceitacao\" value=\"1\" aria-invalid=\"false\" \/><\/span><\/span><\/span> Compreendo que s\u00f3 ap\u00f3s o efectivo pagamento das quotas a minha inscri\u00e7\u00e3o ser\u00e1 efectiva.<\/p>\n<p><input type=\"submit\" value=\"Enviar\" class=\"wpcf7-form-control wpcf7-submit\" \/><\/p>\n<p style=\"display: none !important;\" class=\"akismet-fields-container\" data-prefix=\"_wpcf7_ak_\"><label>&#916;<textarea name=\"_wpcf7_ak_hp_textarea\" cols=\"45\" rows=\"8\" maxlength=\"100\"><\/textarea><\/label><input type=\"hidden\" id=\"ak_js_1\" name=\"_wpcf7_ak_js\" value=\"9\"\/><script>document.getElementById( \"ak_js_1\" ).setAttribute( \"value\", ( new Date() ).getTime() );<\/script><\/p><div class=\"wpcf7-response-output wpcf7-display-none\"><\/div><\/form><\/div>\n<hr>\n<p>&nbsp;<\/p>\n<p><strong><span style=\"font-family: Arial; color: #008000;\">Pagamento de Quotas: <\/span><\/strong><\/p>\n<ul>\n<li>Associados Aderentes: J\u00f3ia Inicial 2,5 \u20ac<\/li>\n<li>Associados Efectivos: Quota anual de 15 \u20ac<\/li>\n<li>Associados Efectivos Estudantes: Quota anual de 5 \u20ac<\/li>\n<li>Associados Fam\u00edlia: Quota anual de 15 \u20ac, mais 5\u20ac por cada elemento, at\u00e9 um m\u00e1ximo de 25\u20ac<\/li>\n<\/ul>\n<p><span style=\"font-family: Arial;\">Nota: At\u00e9 aos 5 anos de idade a quota anual \u00e9 gratuita.<br \/>\n<\/span><\/p>\n<p><span style=\"font-family: Arial;\"><br \/>\n <\/span><\/p>\n<p><span style=\"font-family: Arial;\"><em><strong>Alternativa ao formul\u00e1rio acima: (enviar em papel):<\/strong><\/em><a href=\"..\/..\/ficheiros\/inscricao.doc\" target=\"principal\"><br \/>\n Ficha de Inscri\u00e7\u00e3o (Doc. Word)<\/a><\/span><\/p>\n<p><span style=\"font-family: Arial;\"><strong><em>Documento para pagamento directo de quotas (entregar no seu banco):<\/em><\/strong><br \/>\n <a href=\"..\/..\/ficheiros\/tranferenciab.doc\" target=\"principal\">Transfer\u00eancia Banc\u00e1ria (Doc. Word)<\/a><\/span><\/p>\n<p><span style=\"font-family: Arial;\"><br \/>\n <\/span><\/p>\n","protected":false},"excerpt":{"rendered":"<p>Utilize o formul\u00e1rio abaixo para se inscrever na Associa\u00e7\u00e3o Vento Norte:<\/p>\n<p>.<\/p>\n<p>&nbsp;<br \/>\nPagamento de Quotas: <\/p>\n<p>Associados Aderentes: J\u00f3ia Inicial 2,5 \u20ac<br \/>\nAssociados Efectivos: Quota anual de 15 \u20ac<br \/>\nAssociados Efectivos Estudantes: Quota anual de 5 \u20ac<br \/>\nAssociados Fam\u00edlia: Quota anual de 15 \u20ac, mais 5\u20ac por cada elemento, at\u00e9 um m\u00e1ximo de 25\u20ac<\/p>\n<p>Nota: At\u00e9 aos 5 anos de idade a quota anual \u00e9 gratuita.<\/p>\n<p>Alternativa ao formul\u00e1rio acima: (enviar em papel):<br \/>\n Ficha de Inscri\u00e7\u00e3o (Doc. Word)<br \/>\nDocumento para pagamento directo de quotas (entregar no seu banco):<br \/>\n Transfer\u00eancia Banc\u00e1ria (Doc. Word)<\/p>\n","protected":false},"author":1,"featured_media":0,"parent":0,"menu_order":4,"comment_status":"closed","ping_status":"closed","template":"","meta":{"ngg_post_thumbnail":0,"footnotes":""},"class_list":["post-9","page","type-page","status-publish","hentry"],"_links":{"self":[{"href":"https:\/\/www.ventonorte.com\/index.php?rest_route=\/wp\/v2\/pages\/9","targetHints":{"allow":["GET"]}}],"collection":[{"href":"https:\/\/www.ventonorte.com\/index.php?rest_route=\/wp\/v2\/pages"}],"about":[{"href":"https:\/\/www.ventonorte.com\/index.php?rest_route=\/wp\/v2\/types\/page"}],"author":[{"embeddable":true,"href":"https:\/\/www.ventonorte.com\/index.php?rest_route=\/wp\/v2\/users\/1"}],"replies":[{"embeddable":true,"href":"https:\/\/www.ventonorte.com\/index.php?rest_route=%2Fwp%2Fv2%2Fcomments&post=9"}],"version-history":[{"count":12,"href":"https:\/\/www.ventonorte.com\/index.php?rest_route=\/wp\/v2\/pages\/9\/revisions"}],"predecessor-version":[{"id":3174,"href":"https:\/\/www.ventonorte.com\/index.php?rest_route=\/wp\/v2\/pages\/9\/revisions\/3174"}],"wp:attachment":[{"href":"https:\/\/www.ventonorte.com\/index.php?rest_route=%2Fwp%2Fv2%2Fmedia&parent=9"}],"curies":[{"name":"wp","href":"https:\/\/api.w.org\/{rel}","templated":true}]}}